{"id":5,"date":"2025-08-28T19:18:14","date_gmt":"2025-08-28T19:18:14","guid":{"rendered":"https:\/\/copirates-touch.com\/?page_id=5"},"modified":"2026-04-27T10:45:36","modified_gmt":"2026-04-27T09:45:36","slug":"page-de-base","status":"publish","type":"page","link":"https:\/\/copirates-touch.com\/","title":{"rendered":"Accueil"},"content":{"rendered":"\n<h1 class=\"wp-block-heading has-text-align-center\" style=\"font-size:60px\">Les Co&rsquo;Pirates Touch<\/h1>\n\n\n\n<h4 class=\"wp-block-heading has-text-align-center has-text-color has-link-color has-larger-font-size wp-elements-1472446462f8ca84e83fa615bb6b6278\" style=\"color:#c8a65f\"><strong>Club de Touch<\/strong><\/h4>\n\n\n\n<div class=\"wp-block-columns is-not-stacked-on-mobile is-layout-flex wp-container-core-columns-is-layout-9d6595d7 wp-block-columns-is-layout-flex\">\n<div class=\"wp-block-column is-vertically-aligned-bottom is-layout-flow wp-block-column-is-layout-flow\" style=\"flex-basis:100%\">\n<div class=\"wp-block-group\"><div class=\"wp-block-group__inner-container is-layout-constrained wp-block-group-is-layout-constrained\">\n<div class=\"wp-block-columns is-layout-flex wp-container-core-columns-is-layout-9d6595d7 wp-block-columns-is-layout-flex\">\n<div class=\"wp-block-column is-vertically-aligned-bottom is-layout-flow wp-block-column-is-layout-flow\">\n<div class=\"wp-block-buttons alignwide is-content-justification-center is-layout-flex wp-container-core-buttons-is-layout-db3195d1 wp-block-buttons-is-layout-flex\" style=\"margin-top:var(--wp--preset--spacing--50);margin-bottom:var(--wp--preset--spacing--50)\">\n<div class=\"wp-block-button is-style-outline is-style-outline--1\"><a class=\"wp-block-button__link has-theme-palette-3-background-color has-text-color has-background has-link-color has-small-font-size has-custom-font-size wp-element-button\" href=\"https:\/\/copirates-touch.com\/?page_id=736\" style=\"border-radius:100px;color:#bc1414\">Ev\u00e9nements<\/a><\/div>\n\n\n\n<div class=\"wp-block-button is-style-outline is-style-outline--2\"><a class=\"wp-block-button__link has-theme-palette-3-background-color has-text-color has-background has-link-color has-small-font-size has-custom-font-size wp-element-button\" href=\"https:\/\/copirates-touch.com\/?page_id=51\" style=\"border-radius:100px;color:#bc1414\"><strong>Entrainements<\/strong><\/a><\/div>\n\n\n\n<div class=\"wp-block-button is-style-outline is-style-outline--3\"><a class=\"wp-block-button__link has-theme-palette-3-background-color has-text-color has-background has-link-color has-small-font-size has-custom-font-size wp-element-button\" href=\"https:\/\/copirates-touch.com\/?page_id=609\" style=\"border-radius:100px;color:#bc1414\"><strong> La Boutique<\/strong><\/a><\/div>\n<\/div>\n<\/div>\n<\/div>\n<\/div><\/div>\n<\/div>\n<\/div>\n\n\n<div class=\"wp-block-image is-style-default wp-duotone-unset-4\">\n<figure class=\"aligncenter size-full\" style=\"margin-top:0;margin-bottom:0\"><a href=\"https:\/\/copirates-touch.com\/?page_id=270\"><img loading=\"lazy\" decoding=\"async\" width=\"686\" height=\"529\" src=\"https:\/\/copirates-touch.com\/wp-content\/uploads\/2026\/01\/notre-histoire.jpg\" alt=\"\" class=\"wp-image-760\" srcset=\"https:\/\/copirates-touch.com\/wp-content\/uploads\/2026\/01\/notre-histoire.jpg 686w, https:\/\/copirates-touch.com\/wp-content\/uploads\/2026\/01\/notre-histoire-300x231.jpg 300w\" sizes=\"auto, (max-width: 686px) 100vw, 686px\" \/><\/a><\/figure>\n<\/div>\n\n<div class=\"wp-block-image\">\n<figure class=\"aligncenter size-full is-resized\"><a href=\"https:\/\/copirates-touch.com\/?page_id=270\"><img loading=\"lazy\" decoding=\"async\" width=\"640\" height=\"481\" src=\"https:\/\/copirates-touch.com\/wp-content\/uploads\/2025\/08\/thumbnail_IMG_9995.jpg\" alt=\"\" class=\"wp-image-146\" style=\"width:822px;height:auto\" srcset=\"https:\/\/copirates-touch.com\/wp-content\/uploads\/2025\/08\/thumbnail_IMG_9995.jpg 640w, https:\/\/copirates-touch.com\/wp-content\/uploads\/2025\/08\/thumbnail_IMG_9995-300x225.jpg 300w\" sizes=\"auto, (max-width: 640px) 100vw, 640px\" \/><\/a><\/figure>\n<\/div>\n\n\n<h3 class=\"wp-block-heading has-text-align-center\" style=\"border-style:none;border-width:0px;margin-top:0;margin-bottom:0;padding-top:0;padding-bottom:0;font-size:72px\"><a href=\"https:\/\/copirates-touch.com\/?page_id=1040\">Actualit\u00e9s<\/a><\/h3>\n\n\n<div class=\"wp-block-image\">\n<figure class=\"aligncenter size-large\"><img loading=\"lazy\" decoding=\"async\" width=\"724\" height=\"1024\" src=\"https:\/\/copirates-touch.com\/wp-content\/uploads\/2026\/04\/belle-journee--724x1024.jpeg\" alt=\"\" class=\"wp-image-1058\" srcset=\"https:\/\/copirates-touch.com\/wp-content\/uploads\/2026\/04\/belle-journee--724x1024.jpeg 724w, https:\/\/copirates-touch.com\/wp-content\/uploads\/2026\/04\/belle-journee--212x300.jpeg 212w, https:\/\/copirates-touch.com\/wp-content\/uploads\/2026\/04\/belle-journee--768x1086.jpeg 768w, https:\/\/copirates-touch.com\/wp-content\/uploads\/2026\/04\/belle-journee--1086x1536.jpeg 1086w, https:\/\/copirates-touch.com\/wp-content\/uploads\/2026\/04\/belle-journee-.jpeg 1414w\" sizes=\"auto, (max-width: 724px) 100vw, 724px\" \/><\/figure>\n<\/div>\n\n\n<div class=\"wp-block-columns is-layout-flex wp-container-core-columns-is-layout-9d6595d7 wp-block-columns-is-layout-flex\">\n<div class=\"wp-block-column is-layout-flow wp-block-column-is-layout-flow\"><div class=\"wp-block-image\">\n<figure class=\"aligncenter size-full is-resized\"><img loading=\"lazy\" decoding=\"async\" width=\"1414\" height=\"2000\" src=\"https:\/\/copirates-touch.com\/wp-content\/uploads\/2026\/03\/1er-stage.jpeg\" alt=\"\" class=\"wp-image-1031\" style=\"width:721px;height:auto\" srcset=\"https:\/\/copirates-touch.com\/wp-content\/uploads\/2026\/03\/1er-stage.jpeg 1414w, https:\/\/copirates-touch.com\/wp-content\/uploads\/2026\/03\/1er-stage-212x300.jpeg 212w, https:\/\/copirates-touch.com\/wp-content\/uploads\/2026\/03\/1er-stage-724x1024.jpeg 724w, https:\/\/copirates-touch.com\/wp-content\/uploads\/2026\/03\/1er-stage-768x1086.jpeg 768w, https:\/\/copirates-touch.com\/wp-content\/uploads\/2026\/03\/1er-stage-1086x1536.jpeg 1086w\" sizes=\"auto, (max-width: 1414px) 100vw, 1414px\" \/><\/figure>\n<\/div><\/div>\n<\/div>\n\n\n<div class=\"wp-block-image\">\n<figure class=\"aligncenter size-large\"><img loading=\"lazy\" decoding=\"async\" width=\"724\" height=\"1024\" src=\"https:\/\/copirates-touch.com\/wp-content\/uploads\/2026\/03\/1er-stage-2-724x1024.jpeg\" alt=\"\" class=\"wp-image-1032\" srcset=\"https:\/\/copirates-touch.com\/wp-content\/uploads\/2026\/03\/1er-stage-2-724x1024.jpeg 724w, https:\/\/copirates-touch.com\/wp-content\/uploads\/2026\/03\/1er-stage-2-212x300.jpeg 212w, https:\/\/copirates-touch.com\/wp-content\/uploads\/2026\/03\/1er-stage-2-768x1086.jpeg 768w, https:\/\/copirates-touch.com\/wp-content\/uploads\/2026\/03\/1er-stage-2-1086x1536.jpeg 1086w, https:\/\/copirates-touch.com\/wp-content\/uploads\/2026\/03\/1er-stage-2.jpeg 1414w\" sizes=\"auto, (max-width: 724px) 100vw, 724px\" \/><\/figure>\n<\/div>\n\n\n<figure class=\"wp-block-embed is-type-video is-provider-youtube wp-block-embed-youtube wp-embed-aspect-16-9 wp-has-aspect-ratio\"><div class=\"wp-block-embed__wrapper\">\n<iframe loading=\"lazy\" title=\"Comment jouer au touch rugby\" width=\"720\" height=\"405\" src=\"https:\/\/www.youtube.com\/embed\/l0_qu5QhlOA?feature=oembed\" frameborder=\"0\" allow=\"accelerometer; autoplay; clipboard-write; encrypted-media; gyroscope; picture-in-picture; web-share\" referrerpolicy=\"strict-origin-when-cross-origin\" allowfullscreen><\/iframe>\n<\/div><\/figure>\n\n\n\n<div class=\"logo-slider\">\n  <div class=\"logo-track\">\n\n    <!-- Logos originaux -->\n    <a href=\"https:\/\/polienas.fr\" target=\"_blank\"><img decoding=\"async\" src=\"https:\/\/copirates-touch.com\/wp-content\/uploads\/2026\/03\/Gemini_Generated_Image_z3x01rz3x01rz3x0.png\" alt=\"Poli\u00e9nas\"><\/a>\n    <a href=\"\" target=\"_blank\"><img decoding=\"async\" src=\"https:\/\/copirates-touch.com\/wp-content\/uploads\/2026\/03\/Gemini_Generated_Image_9p7kgb9p7kgb9p7k.png\" alt=\"Touch Aura\"><\/a>\n    <a href=\"https:\/\/touchfrance.fr\" target=\"_blank\"><img decoding=\"async\" src=\"https:\/\/copirates-touch.com\/wp-content\/uploads\/2026\/03\/Logo_Touch_France.png\" alt=\"Touch France\"><\/a>\n    <a href=\"https:\/\/www.internationaltouch.org\/\" target=\"_blank\"><img decoding=\"async\" src=\"https:\/\/copirates-touch.com\/wp-content\/uploads\/2026\/03\/fit-noir.png\" alt=\"FIT\"><\/a>\n    <a href=\"https:\/\/www.auvergnerhonealpes.fr\/\" target=\"_blank\"><img decoding=\"async\" src=\"https:\/\/copirates-touch.com\/wp-content\/uploads\/2026\/03\/LOGO_REGION_RVB-BLEU_BLANC.png\" alt=\"RA\"><\/a>\n<a href=\"https:\/\/www.isere.fr\/\" target=\"_blank\"><img decoding=\"async\" src=\"https:\/\/copirates-touch.com\/wp-content\/uploads\/2026\/03\/isere_logo_contour.png\" alt=\"Is\u00e8re\"><\/a>\n\n    <!-- R\u00e9p\u00e9ter les logos pour d\u00e9filement infini -->\n    <a href=\"https:\/\/polienas.fr\" target=\"_blank\"><img decoding=\"async\" src=\"https:\/\/copirates-touch.com\/wp-content\/uploads\/2026\/03\/Gemini_Generated_Image_z3x01rz3x01rz3x0.png\" alt=\"Poli\u00e9nas\"><\/a>\n    <a href=\"\" target=\"_blank\"><img decoding=\"async\" src=\"https:\/\/copirates-touch.com\/wp-content\/uploads\/2026\/03\/Gemini_Generated_Image_9p7kgb9p7kgb9p7k.png\" alt=\"Touch Aura\"><\/a>\n    <a href=\"https:\/\/touchfrance.fr\" target=\"_blank\"><img decoding=\"async\" src=\"https:\/\/copirates-touch.com\/wp-content\/uploads\/2026\/03\/Logo_Touch_France.png\" alt=\"Touch France\"><\/a>\n    <a href=\"https:\/\/www.internationaltouch.org\/\" target=\"_blank\"><img decoding=\"async\" src=\"https:\/\/copirates-touch.com\/wp-content\/uploads\/2026\/03\/fit-noir.png\" alt=\"FIT\"><\/a>\n    <a href=\"https:\/\/www.auvergnerhonealpes.fr\/\" target=\"_blank\"><img decoding=\"async\" src=\"https:\/\/copirates-touch.com\/wp-content\/uploads\/2026\/03\/LOGO_REGION_RVB-BLEU_BLANC.png\" alt=\"RA\"><\/a>\n<a href=\"https:\/\/www.isere.fr\/\" target=\"_blank\"><img decoding=\"async\" src=\"https:\/\/copirates-touch.com\/wp-content\/uploads\/2026\/03\/isere_logo_contour.png\" alt=\"Is\u00e8re\"><\/a>\n\n  <\/div>\n<\/div>\n\n\n\n<div class=\"wp-block-columns is-layout-flex wp-container-core-columns-is-layout-9d6595d7 wp-block-columns-is-layout-flex\">\n<div class=\"wp-block-column is-layout-flow wp-block-column-is-layout-flow\"><\/div>\n\n\n\n<div class=\"wp-block-column is-layout-flow wp-block-column-is-layout-flow\"><\/div>\n<\/div>\n\n\n<style>.wp-block-kadence-advancedbtn.kb-btns5_659250-06{gap:var(--global-kb-gap-xs, 0.5rem );justify-content:center;align-items:center;}.kt-btns5_659250-06 .kt-button{font-weight:normal;font-style:normal;}.kt-btns5_659250-06 .kt-btn-wrap-0{margin-right:5px;}.wp-block-kadence-advancedbtn.kt-btns5_659250-06 .kt-btn-wrap-0 .kt-button{color:#555555;border-color:#555555;}.wp-block-kadence-advancedbtn.kt-btns5_659250-06 .kt-btn-wrap-0 .kt-button:hover, .wp-block-kadence-advancedbtn.kt-btns5_659250-06 .kt-btn-wrap-0 .kt-button:focus{color:#ffffff;border-color:#444444;}.wp-block-kadence-advancedbtn.kt-btns5_659250-06 .kt-btn-wrap-0 .kt-button::before{display:none;}.wp-block-kadence-advancedbtn.kt-btns5_659250-06 .kt-btn-wrap-0 .kt-button:hover, .wp-block-kadence-advancedbtn.kt-btns5_659250-06 .kt-btn-wrap-0 .kt-button:focus{background:#444444;}<\/style>\n<div class=\"wp-block-kadence-advancedbtn kb-buttons-wrap kb-btns5_659250-06\"><style>ul.menu .wp-block-kadence-advancedbtn .kb-btn5_85c987-f2.kb-button{width:initial;}.wp-block-kadence-advancedbtn .kb-btn5_85c987-f2.kb-button{border-top-left-radius:90px;border-top-right-radius:90px;border-bottom-right-radius:90px;border-bottom-left-radius:90px;}<\/style><a class=\"kb-button kt-button button kb-btn5_85c987-f2 kt-btn-size-standard kt-btn-width-type-auto kb-btn-global-outline  kt-btn-has-text-true kt-btn-has-svg-false  wp-block-kadence-singlebtn\" href=\"https:\/\/youtu.be\/YyZ0X4EKnLE\"><span class=\"kt-btn-inner-text\">Regardez un match ici &#8230;<\/span><\/a><\/div>\n\n\n\n<p><\/p>\n","protected":false},"excerpt":{"rendered":"<p>Les Co&rsquo;Pirates Touch Club de Touch Actualit\u00e9s<\/p>\n","protected":false},"author":1,"featured_media":0,"parent":0,"menu_order":0,"comment_status":"closed","ping_status":"closed","template":"","meta":{"_kad_post_transparent":"disable","_kad_post_title":"hide","_kad_post_layout":"normal","_kad_post_sidebar_id":"","_kad_post_content_style":"","_kad_post_vertical_padding":"","_kad_post_feature":"","_kad_post_feature_position":"","_kad_post_header":false,"_kad_post_footer":false,"_kad_post_classname":"","footnotes":""},"class_list":["post-5","page","type-page","status-publish","hentry"],"_links":{"self":[{"href":"https:\/\/copirates-touch.com\/index.php?rest_route=\/wp\/v2\/pages\/5","targetHints":{"allow":["GET"]}}],"collection":[{"href":"https:\/\/copirates-touch.com\/index.php?rest_route=\/wp\/v2\/pages"}],"about":[{"href":"https:\/\/copirates-touch.com\/index.php?rest_route=\/wp\/v2\/types\/page"}],"author":[{"embeddable":true,"href":"https:\/\/copirates-touch.com\/index.php?rest_route=\/wp\/v2\/users\/1"}],"replies":[{"embeddable":true,"href":"https:\/\/copirates-touch.com\/index.php?rest_route=%2Fwp%2Fv2%2Fcomments&post=5"}],"version-history":[{"count":197,"href":"https:\/\/copirates-touch.com\/index.php?rest_route=\/wp\/v2\/pages\/5\/revisions"}],"predecessor-version":[{"id":1059,"href":"https:\/\/copirates-touch.com\/index.php?rest_route=\/wp\/v2\/pages\/5\/revisions\/1059"}],"wp:attachment":[{"href":"https:\/\/copirates-touch.com\/index.php?rest_route=%2Fwp%2Fv2%2Fmedia&parent=5"}],"curies":[{"name":"wp","href":"https:\/\/api.w.org\/{rel}","templated":true}]}}