{"id":55,"date":"2025-08-28T20:11:54","date_gmt":"2025-08-28T20:11:54","guid":{"rendered":"https:\/\/copirates-touch.com\/?page_id=55"},"modified":"2026-03-01T22:52:42","modified_gmt":"2026-03-01T21:52:42","slug":"nos-equipes","status":"publish","type":"page","link":"https:\/\/copirates-touch.com\/?page_id=55","title":{"rendered":"Nos Equipes"},"content":{"rendered":"\n<h1 class=\"wp-block-heading has-text-align-center\">Nos \u00e9quipes <\/h1>\n\n\n\n<div class=\"wp-block-columns is-layout-flex wp-container-core-columns-is-layout-9d6595d7 wp-block-columns-is-layout-flex\">\n<div class=\"wp-block-column is-layout-flow wp-block-column-is-layout-flow\">\n<figure class=\"wp-block-image size-large\"><img loading=\"lazy\" decoding=\"async\" width=\"1024\" height=\"726\" src=\"https:\/\/copirates-touch.com\/wp-content\/uploads\/2026\/03\/equipe-u6-1024x726.jpeg\" alt=\"\" class=\"wp-image-820\" srcset=\"https:\/\/copirates-touch.com\/wp-content\/uploads\/2026\/03\/equipe-u6-1024x726.jpeg 1024w, https:\/\/copirates-touch.com\/wp-content\/uploads\/2026\/03\/equipe-u6-300x213.jpeg 300w, https:\/\/copirates-touch.com\/wp-content\/uploads\/2026\/03\/equipe-u6-768x545.jpeg 768w, https:\/\/copirates-touch.com\/wp-content\/uploads\/2026\/03\/equipe-u6-1536x1090.jpeg 1536w, https:\/\/copirates-touch.com\/wp-content\/uploads\/2026\/03\/equipe-u6.jpeg 1748w\" sizes=\"auto, (max-width: 1024px) 100vw, 1024px\" \/><\/figure>\n\n\n\n<p class=\"has-text-align-center\">L&rsquo;\u00e9quipe U9 <\/p>\n<\/div>\n\n\n\n<div class=\"wp-block-column is-layout-flow wp-block-column-is-layout-flow\">\n<figure class=\"wp-block-image size-large\"><img loading=\"lazy\" decoding=\"async\" width=\"1024\" height=\"726\" src=\"https:\/\/copirates-touch.com\/wp-content\/uploads\/2026\/03\/equipe-u9-1024x726.jpeg\" alt=\"\" class=\"wp-image-821\" srcset=\"https:\/\/copirates-touch.com\/wp-content\/uploads\/2026\/03\/equipe-u9-1024x726.jpeg 1024w, https:\/\/copirates-touch.com\/wp-content\/uploads\/2026\/03\/equipe-u9-300x213.jpeg 300w, https:\/\/copirates-touch.com\/wp-content\/uploads\/2026\/03\/equipe-u9-768x545.jpeg 768w, https:\/\/copirates-touch.com\/wp-content\/uploads\/2026\/03\/equipe-u9-1536x1090.jpeg 1536w, https:\/\/copirates-touch.com\/wp-content\/uploads\/2026\/03\/equipe-u9.jpeg 1748w\" sizes=\"auto, (max-width: 1024px) 100vw, 1024px\" \/><\/figure>\n<\/div>\n<\/div>\n\n\n\n<div class=\"wp-block-columns is-layout-flex wp-container-core-columns-is-layout-9d6595d7 wp-block-columns-is-layout-flex\">\n<div class=\"wp-block-column is-layout-flow wp-block-column-is-layout-flow\">\n<p class=\"has-text-align-center\">                                                                                                                                                                                    L&rsquo;\u00e9quipe U12<\/p>\n<\/div>\n<\/div>\n\n\n\n<div class=\"wp-block-columns is-layout-flex wp-container-core-columns-is-layout-9d6595d7 wp-block-columns-is-layout-flex\">\n<div class=\"wp-block-column is-layout-flow wp-block-column-is-layout-flow\">\n<figure class=\"wp-block-image size-large is-resized\"><img loading=\"lazy\" decoding=\"async\" width=\"1024\" height=\"726\" src=\"https:\/\/copirates-touch.com\/wp-content\/uploads\/2026\/03\/equipe-u13-1024x726.jpeg\" alt=\"\" class=\"wp-image-822\" style=\"width:728px;height:auto\" srcset=\"https:\/\/copirates-touch.com\/wp-content\/uploads\/2026\/03\/equipe-u13-1024x726.jpeg 1024w, https:\/\/copirates-touch.com\/wp-content\/uploads\/2026\/03\/equipe-u13-300x213.jpeg 300w, https:\/\/copirates-touch.com\/wp-content\/uploads\/2026\/03\/equipe-u13-768x545.jpeg 768w, https:\/\/copirates-touch.com\/wp-content\/uploads\/2026\/03\/equipe-u13-1536x1090.jpeg 1536w, https:\/\/copirates-touch.com\/wp-content\/uploads\/2026\/03\/equipe-u13.jpeg 1748w\" sizes=\"auto, (max-width: 1024px) 100vw, 1024px\" \/><\/figure>\n\n\n\n<p class=\"has-text-align-center\">L&rsquo;\u00e9quipe U15<\/p>\n<\/div>\n\n\n\n<div class=\"wp-block-column is-layout-flow wp-block-column-is-layout-flow\">\n<figure class=\"wp-block-image size-full is-resized\"><img loading=\"lazy\" decoding=\"async\" width=\"2048\" height=\"1366\" src=\"https:\/\/copirates-touch.com\/wp-content\/uploads\/2025\/10\/IMG-20251008-WA0003.jpg\" alt=\"\" class=\"wp-image-548\" style=\"width:721px;height:auto\" srcset=\"https:\/\/copirates-touch.com\/wp-content\/uploads\/2025\/10\/IMG-20251008-WA0003.jpg 2048w, https:\/\/copirates-touch.com\/wp-content\/uploads\/2025\/10\/IMG-20251008-WA0003-300x200.jpg 300w, https:\/\/copirates-touch.com\/wp-content\/uploads\/2025\/10\/IMG-20251008-WA0003-1024x683.jpg 1024w, https:\/\/copirates-touch.com\/wp-content\/uploads\/2025\/10\/IMG-20251008-WA0003-768x512.jpg 768w, https:\/\/copirates-touch.com\/wp-content\/uploads\/2025\/10\/IMG-20251008-WA0003-1536x1025.jpg 1536w\" sizes=\"auto, (max-width: 2048px) 100vw, 2048px\" \/><\/figure>\n<\/div>\n<\/div>\n\n\n\n<div class=\"wp-block-columns is-layout-flex wp-container-core-columns-is-layout-9d6595d7 wp-block-columns-is-layout-flex\">\n<div class=\"wp-block-column is-layout-flow wp-block-column-is-layout-flow\">\n<p class=\"has-text-align-center\">                                                                                                                                                                                 L&rsquo;\u00e9quipe U18<\/p>\n<\/div>\n<\/div>\n\n\n<div class=\"wp-block-image\">\n<figure class=\"aligncenter size-large\"><img loading=\"lazy\" decoding=\"async\" width=\"1024\" height=\"683\" src=\"https:\/\/copirates-touch.com\/wp-content\/uploads\/2025\/10\/IMG-20251008-WA0004-1024x683.jpg\" alt=\"\" class=\"wp-image-549\" srcset=\"https:\/\/copirates-touch.com\/wp-content\/uploads\/2025\/10\/IMG-20251008-WA0004-1024x683.jpg 1024w, https:\/\/copirates-touch.com\/wp-content\/uploads\/2025\/10\/IMG-20251008-WA0004-300x200.jpg 300w, https:\/\/copirates-touch.com\/wp-content\/uploads\/2025\/10\/IMG-20251008-WA0004-768x512.jpg 768w, https:\/\/copirates-touch.com\/wp-content\/uploads\/2025\/10\/IMG-20251008-WA0004-1536x1025.jpg 1536w, https:\/\/copirates-touch.com\/wp-content\/uploads\/2025\/10\/IMG-20251008-WA0004.jpg 2048w\" sizes=\"auto, (max-width: 1024px) 100vw, 1024px\" \/><\/figure>\n<\/div>\n\n\n<p class=\"has-text-align-center\">                                                                                                                                                            Les jambes de bois <\/p>\n\n\n<div class=\"wp-block-image\">\n<figure class=\"aligncenter size-large\"><img loading=\"lazy\" decoding=\"async\" width=\"724\" height=\"1024\" src=\"https:\/\/copirates-touch.com\/wp-content\/uploads\/2025\/10\/IMG-20251008-WA0005-724x1024.jpg\" alt=\"\" class=\"wp-image-553\" srcset=\"https:\/\/copirates-touch.com\/wp-content\/uploads\/2025\/10\/IMG-20251008-WA0005-724x1024.jpg 724w, https:\/\/copirates-touch.com\/wp-content\/uploads\/2025\/10\/IMG-20251008-WA0005-212x300.jpg 212w, https:\/\/copirates-touch.com\/wp-content\/uploads\/2025\/10\/IMG-20251008-WA0005-768x1086.jpg 768w, https:\/\/copirates-touch.com\/wp-content\/uploads\/2025\/10\/IMG-20251008-WA0005-1086x1536.jpg 1086w, https:\/\/copirates-touch.com\/wp-content\/uploads\/2025\/10\/IMG-20251008-WA0005.jpg 1414w\" sizes=\"auto, (max-width: 724px) 100vw, 724px\" \/><\/figure>\n<\/div>\n\n\n<p class=\"has-text-align-center\">Trombinoscope des coachs<\/p>\n\n\n\n<p><\/p>\n","protected":false},"excerpt":{"rendered":"<p>Nos \u00e9quipes L&rsquo;\u00e9quipe U9 L&rsquo;\u00e9quipe U12 L&rsquo;\u00e9quipe U15 L&rsquo;\u00e9quipe U18 Les jambes de bois Trombinoscope des coachs<\/p>\n","protected":false},"author":1,"featured_media":0,"parent":0,"menu_order":0,"comment_status":"closed","ping_status":"closed","template":"","meta":{"_kad_post_transparent":"disable","_kad_post_title":"hide","_kad_post_layout":"fullwidth","_kad_post_sidebar_id":"","_kad_post_content_style":"","_kad_post_vertical_padding":"","_kad_post_feature":"","_kad_post_feature_position":"","_kad_post_header":false,"_kad_post_footer":false,"_kad_post_classname":"","footnotes":""},"class_list":["post-55","page","type-page","status-publish","hentry"],"_links":{"self":[{"href":"https:\/\/copirates-touch.com\/index.php?rest_route=\/wp\/v2\/pages\/55","targetHints":{"allow":["GET"]}}],"collection":[{"href":"https:\/\/copirates-touch.com\/index.php?rest_route=\/wp\/v2\/pages"}],"about":[{"href":"https:\/\/copirates-touch.com\/index.php?rest_route=\/wp\/v2\/types\/page"}],"author":[{"embeddable":true,"href":"https:\/\/copirates-touch.com\/index.php?rest_route=\/wp\/v2\/users\/1"}],"replies":[{"embeddable":true,"href":"https:\/\/copirates-touch.com\/index.php?rest_route=%2Fwp%2Fv2%2Fcomments&post=55"}],"version-history":[{"count":12,"href":"https:\/\/copirates-touch.com\/index.php?rest_route=\/wp\/v2\/pages\/55\/revisions"}],"predecessor-version":[{"id":839,"href":"https:\/\/copirates-touch.com\/index.php?rest_route=\/wp\/v2\/pages\/55\/revisions\/839"}],"wp:attachment":[{"href":"https:\/\/copirates-touch.com\/index.php?rest_route=%2Fwp%2Fv2%2Fmedia&parent=55"}],"curies":[{"name":"wp","href":"https:\/\/api.w.org\/{rel}","templated":true}]}}