{"id":609,"date":"2025-10-13T19:42:49","date_gmt":"2025-10-13T18:42:49","guid":{"rendered":"https:\/\/copirates-touch.com\/?page_id=609"},"modified":"2026-03-09T13:48:06","modified_gmt":"2026-03-09T12:48:06","slug":"boutique-2","status":"publish","type":"page","link":"https:\/\/copirates-touch.com\/?page_id=609","title":{"rendered":"Nos Boutiques"},"content":{"rendered":"\n<h1 class=\"wp-block-heading has-text-align-center has-theme-palette-9-color has-text-color has-link-color has-larger-font-size wp-elements-b09f79de45a56bea4c7b4870567d240c\">Nous vous proposons diff\u00e9rents v\u00eatements et produits \u00e0 l&rsquo;effigie du club au sein de 2 boutiques diff\u00e9rentes <\/h1>\n\n\n<div class=\"wp-block-image\">\n<figure class=\"aligncenter size-full\"><img loading=\"lazy\" decoding=\"async\" width=\"985\" height=\"401\" src=\"https:\/\/copirates-touch.com\/wp-content\/uploads\/2025\/10\/Capture-decran-2025-10-25-210103.jpg\" alt=\"\" class=\"wp-image-677\" srcset=\"https:\/\/copirates-touch.com\/wp-content\/uploads\/2025\/10\/Capture-decran-2025-10-25-210103.jpg 985w, https:\/\/copirates-touch.com\/wp-content\/uploads\/2025\/10\/Capture-decran-2025-10-25-210103-300x122.jpg 300w, https:\/\/copirates-touch.com\/wp-content\/uploads\/2025\/10\/Capture-decran-2025-10-25-210103-768x313.jpg 768w\" sizes=\"auto, (max-width: 985px) 100vw, 985px\" \/><\/figure>\n<\/div>\n\n\n<div class=\"wp-block-columns is-layout-flex wp-container-core-columns-is-layout-9d6595d7 wp-block-columns-is-layout-flex\">\n<div class=\"wp-block-column is-layout-flow wp-block-column-is-layout-flow\">\n<div class=\"wp-block-buttons alignwide is-layout-flex wp-block-buttons-is-layout-flex\">\n<div class=\"wp-block-button has-custom-width wp-block-button__width-50 is-style-outline is-style-outline--1\"><a class=\"wp-block-button__link has-text-color has-link-color wp-element-button\" href=\"https:\/\/andreasport-macron.fr\/co-pirates-touch\/\" style=\"border-radius:100px;color:#bc1414\" target=\"_blank\" rel=\"noreferrer noopener\">Boutique Andrea Sport<\/a><\/div>\n\n\n\n<div class=\"wp-block-button has-custom-width wp-block-button__width-50 is-style-outline is-style-outline--2\"><a class=\"wp-block-button__link has-text-color has-link-color has-text-align-center wp-element-button\" href=\"https:\/\/www.helloasso.com\/associations\/touch-polienas-les-co-pirates-touch\/boutiques\/boutique-co-pirates-touch-polienas\" style=\"border-radius:100px;color:#bc1414\" target=\"_blank\" rel=\"noreferrer noopener\">Boutique Helloasso<\/a><\/div>\n<\/div>\n<\/div>\n<\/div>\n\n\n<div class=\"wp-block-image\">\n<figure class=\"aligncenter size-full is-resized\"><img loading=\"lazy\" decoding=\"async\" width=\"824\" height=\"266\" src=\"https:\/\/copirates-touch.com\/wp-content\/uploads\/2025\/10\/Capture-decran-2025-10-25-210121.jpg\" alt=\"\" class=\"wp-image-678\" style=\"width:926px;height:auto\" srcset=\"https:\/\/copirates-touch.com\/wp-content\/uploads\/2025\/10\/Capture-decran-2025-10-25-210121.jpg 824w, https:\/\/copirates-touch.com\/wp-content\/uploads\/2025\/10\/Capture-decran-2025-10-25-210121-300x97.jpg 300w, https:\/\/copirates-touch.com\/wp-content\/uploads\/2025\/10\/Capture-decran-2025-10-25-210121-768x248.jpg 768w\" sizes=\"auto, (max-width: 824px) 100vw, 824px\" \/><\/figure>\n<\/div>","protected":false},"excerpt":{"rendered":"<p>Nous vous proposons diff\u00e9rents v\u00eatements et produits \u00e0 l&rsquo;effigie du club au sein de 2 boutiques diff\u00e9rentes<\/p>\n","protected":false},"author":1,"featured_media":0,"parent":0,"menu_order":0,"comment_status":"closed","ping_status":"closed","template":"","meta":{"_kad_post_transparent":"","_kad_post_title":"hide","_kad_post_layout":"normal","_kad_post_sidebar_id":"","_kad_post_content_style":"default","_kad_post_vertical_padding":"","_kad_post_feature":"","_kad_post_feature_position":"","_kad_post_header":false,"_kad_post_footer":false,"_kad_post_classname":"","footnotes":""},"class_list":["post-609","page","type-page","status-publish","hentry"],"_links":{"self":[{"href":"https:\/\/copirates-touch.com\/index.php?rest_route=\/wp\/v2\/pages\/609","targetHints":{"allow":["GET"]}}],"collection":[{"href":"https:\/\/copirates-touch.com\/index.php?rest_route=\/wp\/v2\/pages"}],"about":[{"href":"https:\/\/copirates-touch.com\/index.php?rest_route=\/wp\/v2\/types\/page"}],"author":[{"embeddable":true,"href":"https:\/\/copirates-touch.com\/index.php?rest_route=\/wp\/v2\/users\/1"}],"replies":[{"embeddable":true,"href":"https:\/\/copirates-touch.com\/index.php?rest_route=%2Fwp%2Fv2%2Fcomments&post=609"}],"version-history":[{"count":16,"href":"https:\/\/copirates-touch.com\/index.php?rest_route=\/wp\/v2\/pages\/609\/revisions"}],"predecessor-version":[{"id":888,"href":"https:\/\/copirates-touch.com\/index.php?rest_route=\/wp\/v2\/pages\/609\/revisions\/888"}],"wp:attachment":[{"href":"https:\/\/copirates-touch.com\/index.php?rest_route=%2Fwp%2Fv2%2Fmedia&parent=609"}],"curies":[{"name":"wp","href":"https:\/\/api.w.org\/{rel}","templated":true}]}}